{"id":13,"date":"2022-05-24T21:59:21","date_gmt":"2022-05-24T19:59:21","guid":{"rendered":"http:\/\/cecile-ostiz-avocat.com\/?page_id=13"},"modified":"2022-05-25T20:39:47","modified_gmt":"2022-05-25T18:39:47","slug":"droit-de-la-famille","status":"publish","type":"page","link":"https:\/\/cecile-ostiz-avocat.com\/index.php\/droit-de-la-famille\/","title":{"rendered":"Droit de la famille"},"content":{"rendered":"\n<h2 class=\"wp-block-heading\">Divorce \u00e0 Ciboure : un expert en droit de la famille<\/h2>\n\n\n\n<p>Un divorce est un moment tr\u00e8s d\u00e9sagr\u00e9able, o\u00f9 il est difficile pour les personnes concern\u00e9es de prendre du recul. La passion l\u2019emporte souvent sur la raison. Mais une rupture n\u2019est pas qu\u2019une affaire de sentiments. Elle entra\u00eene avec elle des probl\u00e8mes de revenus, de propri\u00e9t\u00e9 et impacte surtout la vie des enfants.<\/p>\n\n\n\n<p>Se s\u00e9parer est une chose, mais comment \u00ab\u00a0bien\u00a0\u00bb se s\u00e9parer ? Comment faire en sorte que personne ne p\u00e2tisse de cette situation ? Les membres du couple, bien entendu, mais aussi et surtout les enfants qui ne peuvent porter la responsabilit\u00e9 de la situation, et qui en subissent pourtant en premier les cons\u00e9quences.<\/p>\n\n\n\n<p><strong>Ma\u00eetre C\u00e9cile Ostiz, avocat \u00e0 Ciboure<\/strong>, a une tr\u00e8s grande exp\u00e9rience dans le domaine du&nbsp;<strong>droit de la famille<\/strong>. Elle vous conseille sur le divorce et le type qui convient le mieux \u00e0 votre situation. Il existe en effet quatre grands types de divorces : le&nbsp;<strong>divorce par consentement mutuel<\/strong>, qui \u00e9vite un passage devant le juge, le divorce pour faute, le divorce par acceptation du principe de la rupture du mariage, le divorce pour alt\u00e9ration d\u00e9finitive du lien conjugal, ces trois derniers \u00e9tant inh\u00e9rents \u00e0 un contentieux.<\/p>\n\n\n<div class=\"wp-block-image is-style-default\">\n<figure class=\"aligncenter size-full\"><img loading=\"lazy\" decoding=\"async\" width=\"370\" height=\"278\" src=\"https:\/\/cecile-ostiz-avocat.com\/wp-content\/uploads\/2022\/05\/4d7de7de-4df2-425d-a15e-aae896ccbd37-1600-516105af-367w.jpg.webp\" alt=\"\" class=\"wp-image-15\" srcset=\"https:\/\/cecile-ostiz-avocat.com\/wp-content\/uploads\/2022\/05\/4d7de7de-4df2-425d-a15e-aae896ccbd37-1600-516105af-367w.jpg.webp 370w, https:\/\/cecile-ostiz-avocat.com\/wp-content\/uploads\/2022\/05\/4d7de7de-4df2-425d-a15e-aae896ccbd37-1600-516105af-367w.jpg-300x225.webp 300w\" sizes=\"auto, (max-width: 370px) 100vw, 370px\" \/><\/figure>\n<\/div>\n\n\n<h2 class=\"wp-block-heading\">Pension alimentaire, part contributive \u00e0 l&rsquo;entretien et l&rsquo;\u00e9ducation, garde altern\u00e9e<\/h2>\n\n\n\n<p>Avant m\u00eame le divorce, vous pouvez \u00e9galement consulter votre avocat pour votre mariage, notamment pour vous conseiller sur le r\u00e9gime matrimonial le plus adapt\u00e9 \u00e0 votre situation et celle de votre conjoint. \u00c9videmment, on ne se marie pas en songeant au divorce, mais un r\u00e9gime matrimonial bien choisi permet d\u2019\u00e9viter moult probl\u00e8mes si une s\u00e9paration devait briser, un jour, votre union.<\/p>\n\n\n\n<p>Dans le cadre du&nbsp;<strong>divorce<\/strong>, votre avocat d\u00e9fend vos int\u00e9r\u00eats sur de multiples points.<br>On traite des aspects financiers comme la&nbsp;<strong>prestation compensatoire<\/strong>, qui \u00e9vite \u00e0 l\u2019un des conjoints une chute trop brutale de son niveau de vie, et la&nbsp;<strong>pension alimentaire<\/strong>, pour subvenir aux besoins vitaux de l\u2019un ou l\u2019autre des conjoints ou la&nbsp;<strong>part contributive \u00e0 l&rsquo;entretien et l&rsquo;\u00e9ducation<\/strong>&nbsp;de chacun des enfants.<br>On traite aussi des aspects mat\u00e9riels et du&nbsp;<strong>partage des biens<\/strong>, qu\u2019ils soient meubles ou immobiliers. Cela concerne la maison, les meubles, les voitures, mais aussi les comptes bancaires, les cr\u00e9dits, les dettes.<br>On traite \u00e9galement, et surtout, de la situation des enfants, notamment la r\u00e9sidence et la&nbsp;<strong>garde altern\u00e9e<\/strong>, ainsi que la&nbsp;<strong>droit de visite<\/strong>&nbsp;et d\u2019h\u00e9bergement de la famille, notamment des grands parents.<\/p>\n\n\n\n<p>Toutes ces questions (droit des enfants, partage des biens, situations financi\u00e8res) sont soumises \u00e0 l\u2019accord des conjoints, sur les conseils de leur avocat respectif, voire des accords trouv\u00e9s lors d&rsquo;une m\u00e9diation (m\u00e9diation obligatoire devant le juge aux affaires familiales de Bayonne). En cas d\u2019\u00e9chec, elles sont laiss\u00e9es \u00e0 l\u2019appr\u00e9ciation du tribunal.<\/p>\n\n\n<div class=\"wp-block-image\">\n<figure class=\"aligncenter size-full\"><img loading=\"lazy\" decoding=\"async\" width=\"370\" height=\"252\" src=\"https:\/\/cecile-ostiz-avocat.com\/wp-content\/uploads\/2022\/05\/8faa2378-a920-4c67-a83b-b170441fd542-1600-367w.jpg.webp\" alt=\"\" class=\"wp-image-16\" srcset=\"https:\/\/cecile-ostiz-avocat.com\/wp-content\/uploads\/2022\/05\/8faa2378-a920-4c67-a83b-b170441fd542-1600-367w.jpg.webp 370w, https:\/\/cecile-ostiz-avocat.com\/wp-content\/uploads\/2022\/05\/8faa2378-a920-4c67-a83b-b170441fd542-1600-367w.jpg-300x204.webp 300w\" sizes=\"auto, (max-width: 370px) 100vw, 370px\" \/><\/figure>\n<\/div>\n\n\n<h2 class=\"wp-block-heading\">Votre avocat en droit de la famille dans la r\u00e9gion de Bayonne<\/h2>\n\n\n\n<p>Quel que soit le mode de divorce choisi, l\u2019objectif reste de d\u00e9fendre vos int\u00e9r\u00eats mais aussi ceux de l\u2019ensemble de la famille. C\u2019est dans une optique gagnant-gagnant que l\u2019avocat vous accompagne dans cette proc\u00e9dure, qui n\u00e9cessite beaucoup de tact et de recul.<\/p>\n\n\n\n<p>Le droit de la famille concerne \u00e9galement d\u2019autres points, comme la&nbsp;<strong>succession<\/strong>, la s\u00e9paration hors mariage, la contestation de reconnaissance et la recherche de paternit\u00e9.<\/p>\n\n\n\n<p>Les\u00a0<a href=\"https:\/\/cecile-ostiz-avocat.com\/index.php\/honoraires\/\" data-type=\"page\" data-id=\"29\">honoraires<\/a>\u00a0sont d\u00e9finis au premier rendez-vous en fonction de la nature du dossier et de sa difficult\u00e9. Vos moyens financiers seront pris en consid\u00e9ration. L\u2019<strong>aide juridictionnelle<\/strong>\u00a0est accept\u00e9e pour ce type de mission.<\/p>\n","protected":false},"excerpt":{"rendered":"<p>Divorce \u00e0 Ciboure : un expert en droit de la famille Un divorce est un moment tr\u00e8s d\u00e9sagr\u00e9able, o\u00f9 il est difficile pour les personnes concern\u00e9es de prendre du recul. La passion l\u2019emporte souvent sur la raison. Mais une rupture n\u2019est pas qu\u2019une affaire de sentiments. Elle entra\u00eene avec elle des probl\u00e8mes de revenus, de&hellip; <a class=\"more-link\" href=\"https:\/\/cecile-ostiz-avocat.com\/index.php\/droit-de-la-famille\/\">Poursuivre la lecture <span class=\"screen-reader-text\">Droit de la famille<\/span><\/a><\/p>\n","protected":false},"author":1,"featured_media":0,"parent":0,"menu_order":0,"comment_status":"closed","ping_status":"closed","template":"","meta":{"footnotes":""},"class_list":["post-13","page","type-page","status-publish","hentry","entry"],"_links":{"self":[{"href":"https:\/\/cecile-ostiz-avocat.com\/index.php\/wp-json\/wp\/v2\/pages\/13","targetHints":{"allow":["GET"]}}],"collection":[{"href":"https:\/\/cecile-ostiz-avocat.com\/index.php\/wp-json\/wp\/v2\/pages"}],"about":[{"href":"https:\/\/cecile-ostiz-avocat.com\/index.php\/wp-json\/wp\/v2\/types\/page"}],"author":[{"embeddable":true,"href":"https:\/\/cecile-ostiz-avocat.com\/index.php\/wp-json\/wp\/v2\/users\/1"}],"replies":[{"embeddable":true,"href":"https:\/\/cecile-ostiz-avocat.com\/index.php\/wp-json\/wp\/v2\/comments?post=13"}],"version-history":[{"count":4,"href":"https:\/\/cecile-ostiz-avocat.com\/index.php\/wp-json\/wp\/v2\/pages\/13\/revisions"}],"predecessor-version":[{"id":110,"href":"https:\/\/cecile-ostiz-avocat.com\/index.php\/wp-json\/wp\/v2\/pages\/13\/revisions\/110"}],"wp:attachment":[{"href":"https:\/\/cecile-ostiz-avocat.com\/index.php\/wp-json\/wp\/v2\/media?parent=13"}],"curies":[{"name":"wp","href":"https:\/\/api.w.org\/{rel}","templated":true}]}}