{"id":18,"date":"2022-05-24T21:59:39","date_gmt":"2022-05-24T19:59:39","guid":{"rendered":"http:\/\/cecile-ostiz-avocat.com\/?page_id=18"},"modified":"2022-05-25T20:42:19","modified_gmt":"2022-05-25T18:42:19","slug":"droit-penal","status":"publish","type":"page","link":"https:\/\/cecile-ostiz-avocat.com\/index.php\/droit-penal\/","title":{"rendered":"Droit p\u00e9nal"},"content":{"rendered":"\n<h2 class=\"wp-block-heading\">Avocat \u00e0 Ciboure : une large exp\u00e9rience en droit p\u00e9nal<\/h2>\n\n\n\n<p>Vous \u00eates convoqu\u00e9(e) devant le&nbsp;<strong>tribunal correctionnel<\/strong>&nbsp;ou le tribunal de police ? Vous \u00eates plac\u00e9(e) en&nbsp;<strong>garde \u00e0 vue<\/strong>&nbsp;? Faites appel \u00e0 Ma\u00eetre C\u00e9cile Ostiz. Votre avocat \u00e0 Ciboure vous assiste du d\u00e9but \u00e0 la fin des proc\u00e9dures : les instructions, le proc\u00e8s et ses cons\u00e9quences.<\/p>\n\n\n\n<p><strong>Ma\u00eetre C\u00e9cile Ostiz<\/strong>&nbsp;b\u00e9n\u00e9ficie d\u2019une large exp\u00e9rience en mati\u00e8re de droit p\u00e9nal : d\u00e9lits commis contre les personnes,&nbsp;<strong>d\u00e9lits financiers<\/strong>, d\u00e9lits sur la route, nous sommes en mesure de vous d\u00e9fendre dans de nombreux domaines. Notre champ d&rsquo;action s&rsquo;\u00e9tend du retrait d\u2019un permis de conduire jusqu&rsquo;\u00e0 votre d\u00e9fense en cas d&rsquo;agression.<\/p>\n\n\n<div class=\"wp-block-image\">\n<figure class=\"aligncenter size-large\"><img loading=\"lazy\" decoding=\"async\" width=\"682\" height=\"1024\" src=\"https:\/\/cecile-ostiz-avocat.com\/wp-content\/uploads\/2022\/05\/323e3253-5a5b-4393-9569-2b607199ad9d-1600-960w.jpg-682x1024.webp\" alt=\"\" class=\"wp-image-19\" srcset=\"https:\/\/cecile-ostiz-avocat.com\/wp-content\/uploads\/2022\/05\/323e3253-5a5b-4393-9569-2b607199ad9d-1600-960w.jpg-682x1024.webp 682w, https:\/\/cecile-ostiz-avocat.com\/wp-content\/uploads\/2022\/05\/323e3253-5a5b-4393-9569-2b607199ad9d-1600-960w.jpg-200x300.webp 200w, https:\/\/cecile-ostiz-avocat.com\/wp-content\/uploads\/2022\/05\/323e3253-5a5b-4393-9569-2b607199ad9d-1600-960w.jpg-768x1153.webp 768w, https:\/\/cecile-ostiz-avocat.com\/wp-content\/uploads\/2022\/05\/323e3253-5a5b-4393-9569-2b607199ad9d-1600-960w.jpg.webp 799w\" sizes=\"auto, (max-width: 682px) 100vw, 682px\" \/><\/figure>\n<\/div>\n\n\n<h2 class=\"wp-block-heading\">D\u00e9fendons votre permis de conduire pr\u00e8s de Saint-Jean-de-Luz<\/h2>\n\n\n\n<p>Le&nbsp;<strong>droit p\u00e9nal<\/strong>&nbsp;est ainsi nomm\u00e9 car il condamne principalement l\u2019individu par une&nbsp;<strong>peine<\/strong>. Cette branche du droit juge une personne dont l&rsquo;infraction pr\u00e9sente un danger \u00e0 la soci\u00e9t\u00e9. Trois cat\u00e9gories d\u2019infractions se sont d\u00e9gag\u00e9es : la contravention, le d\u00e9lit et le crime. \u00c0 chacune de ces cat\u00e9gories correspond une&nbsp;<strong>juridiction<\/strong>, respectivement le tribunal de police, le tribunal correctionnel et la cour d\u2019assises.<\/p>\n\n\n\n<p>La gravit\u00e9 de la peine se doit de correspondre \u00e0 la gravit\u00e9 de l\u2019<strong>infraction<\/strong>. C\u2019est pourquoi une proc\u00e9dure pr\u00e9cise est mise en place o\u00f9 le moindre d\u00e9faut peut provoquer la nullit\u00e9 de la d\u00e9marche.<\/p>\n\n\n\n<p>Ma\u00eetre C\u00e9cile Ostiz vous accompagne \u00e0 chaque \u00e9tape de la proc\u00e9dure pour laquelle vous seriez convoqu\u00e9(e). Vous \u00eates suivi(e) pas \u00e0 pas&nbsp;<strong>afin que vos droits soient respect\u00e9s<\/strong>. Nous vous offrons un accompagnement personnalis\u00e9, vous conseillons sur les diff\u00e9rentes d\u00e9marches \u00e0 effectuer. Selon l\u2019infraction qui vous est reproch\u00e9e, nous \u00e9tablissons ensemble la&nbsp;<strong>d\u00e9fense<\/strong>&nbsp;qui sera plaid\u00e9e au tribunal.<\/p>\n\n\n\n<p><strong>Ma\u00eetre C\u00e9cile Ostiz<\/strong>&nbsp;reste \u00e9galement \u00e0 votre disposition pour une consultation. Nous vous conseillons dans tous les domaines du droit p\u00e9nal, notamment si vous \u00eates victime d\u2019une&nbsp;<strong>atteinte \u00e0 votre personne<\/strong>, \u00e0 votre int\u00e9grit\u00e9, votre dignit\u00e9, votre libert\u00e9, votre r\u00e9putation, vos propri\u00e9t\u00e9s, votre s\u00e9curit\u00e9 et celle de votre famille.<\/p>\n\n\n\n<p>Votre avocat vous accompagne sur le plan juridique, mais vous apporte \u00e9galement un soutien psychologique dans une \u00e9preuve qui sort de l\u2019ordinaire et vous soumet \u00e0 une pression qui peut \u00eatre intense.<\/p>\n\n\n\n<h2 class=\"wp-block-heading\">Droit p\u00e9nal et casier judiciaire dans la r\u00e9gion de Bayonne<\/h2>\n\n\n\n<p>C\u00e9cile Ostiz, votre avocat \u00e0 Ciboure, vous d\u00e9fend dans le domaine p\u00e9nal, mais traite \u00e9galement du\u00a0<a href=\"https:\/\/cecile-ostiz-avocat.com\/index.php\/droit-de-la-famille\/\" data-type=\"page\" data-id=\"13\">droit de la famille<\/a>, des\u00a0<a href=\"https:\/\/cecile-ostiz-avocat.com\/index.php\/droit-de-la-famille\/\" data-type=\"page\" data-id=\"13\">contentieux civils<\/a>, des\u00a0<a href=\"https:\/\/cecile-ostiz-avocat.com\/index.php\/dommage-corporels\/\" data-type=\"page\" data-id=\"25\">dommages corporels<\/a>\u00a0et des affaires port\u00e9es devant le\u00a0<a href=\"https:\/\/cecile-ostiz-avocat.com\/index.php\/juge-pour-enfants\/\" data-type=\"page\" data-id=\"21\">juge des mineurs<\/a>.<\/p>\n\n\n\n<p>Les\u00a0<a href=\"https:\/\/cecile-ostiz-avocat.com\/index.php\/honoraires\/\" data-type=\"page\" data-id=\"29\">honoraires<\/a>\u00a0sont d\u00e9finis au premier rendez-vous en fonction de la nature du dossier et de sa difficult\u00e9. Vos moyens financiers seront pris en consid\u00e9ration. L\u2019<strong>aide juridictionnelle<\/strong>\u00a0est accept\u00e9e pour ce type de mission.<\/p>\n","protected":false},"excerpt":{"rendered":"<p>Avocat \u00e0 Ciboure : une large exp\u00e9rience en droit p\u00e9nal Vous \u00eates convoqu\u00e9(e) devant le&nbsp;tribunal correctionnel&nbsp;ou le tribunal de police ? Vous \u00eates plac\u00e9(e) en&nbsp;garde \u00e0 vue&nbsp;? Faites appel \u00e0 Ma\u00eetre C\u00e9cile Ostiz. Votre avocat \u00e0 Ciboure vous assiste du d\u00e9but \u00e0 la fin des proc\u00e9dures : les instructions, le proc\u00e8s et ses cons\u00e9quences. Ma\u00eetre&hellip; <a class=\"more-link\" href=\"https:\/\/cecile-ostiz-avocat.com\/index.php\/droit-penal\/\">Poursuivre la lecture <span class=\"screen-reader-text\">Droit p\u00e9nal<\/span><\/a><\/p>\n","protected":false},"author":1,"featured_media":0,"parent":0,"menu_order":0,"comment_status":"closed","ping_status":"closed","template":"","meta":{"footnotes":""},"class_list":["post-18","page","type-page","status-publish","hentry","entry"],"_links":{"self":[{"href":"https:\/\/cecile-ostiz-avocat.com\/index.php\/wp-json\/wp\/v2\/pages\/18","targetHints":{"allow":["GET"]}}],"collection":[{"href":"https:\/\/cecile-ostiz-avocat.com\/index.php\/wp-json\/wp\/v2\/pages"}],"about":[{"href":"https:\/\/cecile-ostiz-avocat.com\/index.php\/wp-json\/wp\/v2\/types\/page"}],"author":[{"embeddable":true,"href":"https:\/\/cecile-ostiz-avocat.com\/index.php\/wp-json\/wp\/v2\/users\/1"}],"replies":[{"embeddable":true,"href":"https:\/\/cecile-ostiz-avocat.com\/index.php\/wp-json\/wp\/v2\/comments?post=18"}],"version-history":[{"count":3,"href":"https:\/\/cecile-ostiz-avocat.com\/index.php\/wp-json\/wp\/v2\/pages\/18\/revisions"}],"predecessor-version":[{"id":112,"href":"https:\/\/cecile-ostiz-avocat.com\/index.php\/wp-json\/wp\/v2\/pages\/18\/revisions\/112"}],"wp:attachment":[{"href":"https:\/\/cecile-ostiz-avocat.com\/index.php\/wp-json\/wp\/v2\/media?parent=18"}],"curies":[{"name":"wp","href":"https:\/\/api.w.org\/{rel}","templated":true}]}}