{"id":21,"date":"2022-05-24T21:59:56","date_gmt":"2022-05-24T19:59:56","guid":{"rendered":"http:\/\/cecile-ostiz-avocat.com\/?page_id=21"},"modified":"2022-05-25T20:47:41","modified_gmt":"2022-05-25T18:47:41","slug":"juge-pour-enfants","status":"publish","type":"page","link":"https:\/\/cecile-ostiz-avocat.com\/index.php\/juge-pour-enfants\/","title":{"rendered":"Juge pour enfants"},"content":{"rendered":"\n<p>Juge pour enfants \u00e0 Ciboure : un conseiller en droit de l\u2019enfance&nbsp;<\/p>\n\n\n\n<p>Le&nbsp;<strong>juge des mineurs<\/strong>, ou juge des enfants, est comme son nom l\u2019indique un magistrat charg\u00e9 des probl\u00e8mes judiciaires relatifs \u00e0 l\u2019enfance. Son travail s\u2019appuie sur la&nbsp;<strong>r\u00e9pression des mineurs d\u00e9linquants<\/strong>, mais aussi et surtout sur leur&nbsp;<strong>protection<\/strong>. Le juge des mineurs exerce au Tribunal de grande instance ou au Tribunal correctionnel.<\/p>\n\n\n\n<p>Tr\u00e8s impliqu\u00e9e dans le\u00a0<a href=\"https:\/\/cecile-ostiz-avocat.com\/index.php\/droit-de-la-famille\/\" data-type=\"page\" data-id=\"13\">droit de la famille<\/a>, Ma\u00eetre C\u00e9cile Ostiz prend en charge les int\u00e9r\u00eats des justiciables de moins de dix-huit ans lors de leur passage chez le juge pour enfants. Cela peut concerner les affaires de d\u00e9linquance juv\u00e9nile ou d\u2019inaptitude des parents naturels.<\/p>\n\n\n<div class=\"wp-block-image\">\n<figure class=\"aligncenter size-full\"><img loading=\"lazy\" decoding=\"async\" width=\"840\" height=\"640\" src=\"https:\/\/cecile-ostiz-avocat.com\/wp-content\/uploads\/2022\/05\/f27b9c68-77f3-4ac2-8b19-c6c5c3751dc8-1600-960w.jpg.webp\" alt=\"\" class=\"wp-image-22\" srcset=\"https:\/\/cecile-ostiz-avocat.com\/wp-content\/uploads\/2022\/05\/f27b9c68-77f3-4ac2-8b19-c6c5c3751dc8-1600-960w.jpg.webp 840w, https:\/\/cecile-ostiz-avocat.com\/wp-content\/uploads\/2022\/05\/f27b9c68-77f3-4ac2-8b19-c6c5c3751dc8-1600-960w.jpg-300x229.webp 300w, https:\/\/cecile-ostiz-avocat.com\/wp-content\/uploads\/2022\/05\/f27b9c68-77f3-4ac2-8b19-c6c5c3751dc8-1600-960w.jpg-768x585.webp 768w\" sizes=\"auto, (max-width: 840px) 100vw, 840px\" \/><\/figure>\n<\/div>\n\n\n<p>Votre avocat face au juge des mineurs dans la r\u00e9gion de Saint-Jean-de-Luz<\/p>\n\n\n\n<p>Missionn\u00e9 pour la&nbsp;<strong>sauvegarde des mineurs en danger<\/strong>, le juge des enfants est principalement charg\u00e9 de mettre en \u0153uvre une&nbsp;<strong>assistance \u00e9ducative<\/strong>&nbsp;pour un enfant dont on a jug\u00e9 l\u2019\u00e9ducation insuffisante ou d\u00e9faillante, ou encore si l\u2019on estime que sa sant\u00e9, sa s\u00e9curit\u00e9 ou sa moralit\u00e9 sont en danger.<\/p>\n\n\n\n<p>Sur le plan de la&nbsp;<strong>r\u00e9pression des mineurs d\u00e9linquants<\/strong>, le juge pour enfant doit veiller \u00e0 ce que la peine appliqu\u00e9e comporte avant tout une&nbsp;<strong>dimension \u00e9ducative<\/strong>&nbsp;et pas seulement punitive. La justice p\u00e9nale des mineurs a d\u2019abord pour objectif de&nbsp;<strong>prot\u00e9ger les enfants<\/strong>&nbsp;et de les encadrer pour \u00e9viter par exemple une r\u00e9cidive.<\/p>\n\n\n\n<figure class=\"wp-block-image size-large\"><img loading=\"lazy\" decoding=\"async\" width=\"683\" height=\"1024\" src=\"https:\/\/cecile-ostiz-avocat.com\/wp-content\/uploads\/2022\/05\/1057ff53-b6cb-4143-b6ec-8b11b9346d4c-1600-960w.jpg-683x1024.webp\" alt=\"\" class=\"wp-image-23\" srcset=\"https:\/\/cecile-ostiz-avocat.com\/wp-content\/uploads\/2022\/05\/1057ff53-b6cb-4143-b6ec-8b11b9346d4c-1600-960w.jpg-683x1024.webp 683w, https:\/\/cecile-ostiz-avocat.com\/wp-content\/uploads\/2022\/05\/1057ff53-b6cb-4143-b6ec-8b11b9346d4c-1600-960w.jpg-200x300.webp 200w, https:\/\/cecile-ostiz-avocat.com\/wp-content\/uploads\/2022\/05\/1057ff53-b6cb-4143-b6ec-8b11b9346d4c-1600-960w.jpg-768x1152.webp 768w, https:\/\/cecile-ostiz-avocat.com\/wp-content\/uploads\/2022\/05\/1057ff53-b6cb-4143-b6ec-8b11b9346d4c-1600-960w.jpg.webp 800w\" sizes=\"auto, (max-width: 683px) 100vw, 683px\" \/><\/figure>\n\n\n\n<p>Assistance \u00e9ducative et protection de l\u2019enfance pr\u00e8s de Bayonne<\/p>\n\n\n\n<p><strong>C\u00e9cile Ostiz, votre avocat \u00e0 Ciboure<\/strong>, vous d\u00e9fend dans le droit de l\u2019enfance, mais traite \u00e9galement du\u00a0<strong>droit de la famille<\/strong>, le\u00a0<a href=\"https:\/\/cecile-ostiz-avocat.com\/index.php\/droit-penal\/\" data-type=\"page\" data-id=\"18\">droit p\u00e9nal<\/a>, des\u00a0<a href=\"https:\/\/cecile-ostiz-avocat.com\/index.php\/droit-de-la-famille\/\" data-type=\"page\" data-id=\"13\">contentieux civils<\/a>\u00a0et la r\u00e9paration des\u00a0<a href=\"https:\/\/cecile-ostiz-avocat.com\/index.php\/dommage-corporels\/\" data-type=\"page\" data-id=\"25\">dommages corporels<\/a>.<\/p>\n\n\n\n<p>Les\u00a0<a href=\"https:\/\/cecile-ostiz-avocat.com\/index.php\/honoraires\/\" data-type=\"page\" data-id=\"29\">honoraires<\/a>\u00a0sont d\u00e9finis au premier\u00a0<a href=\"https:\/\/cecile-ostiz-avocat.com\/index.php\/contact\/\" data-type=\"page\" data-id=\"32\">rendez-vous<\/a>\u00a0en fonction de la nature du dossier et de sa difficult\u00e9. Vos moyens financiers seront pris en consid\u00e9ration. L\u2019<strong>aide juridictionnelle<\/strong>\u00a0est accept\u00e9e pour vous assister face au juge des mineurs, de m\u00eame que la protection juridique.<\/p>\n","protected":false},"excerpt":{"rendered":"<p>Juge pour enfants \u00e0 Ciboure : un conseiller en droit de l\u2019enfance&nbsp; Le&nbsp;juge des mineurs, ou juge des enfants, est comme son nom l\u2019indique un magistrat charg\u00e9 des probl\u00e8mes judiciaires relatifs \u00e0 l\u2019enfance. Son travail s\u2019appuie sur la&nbsp;r\u00e9pression des mineurs d\u00e9linquants, mais aussi et surtout sur leur&nbsp;protection. Le juge des mineurs exerce au Tribunal de&hellip; <a class=\"more-link\" href=\"https:\/\/cecile-ostiz-avocat.com\/index.php\/juge-pour-enfants\/\">Poursuivre la lecture <span class=\"screen-reader-text\">Juge pour enfants<\/span><\/a><\/p>\n","protected":false},"author":1,"featured_media":0,"parent":0,"menu_order":0,"comment_status":"closed","ping_status":"closed","template":"","meta":{"footnotes":""},"class_list":["post-21","page","type-page","status-publish","hentry","entry"],"_links":{"self":[{"href":"https:\/\/cecile-ostiz-avocat.com\/index.php\/wp-json\/wp\/v2\/pages\/21","targetHints":{"allow":["GET"]}}],"collection":[{"href":"https:\/\/cecile-ostiz-avocat.com\/index.php\/wp-json\/wp\/v2\/pages"}],"about":[{"href":"https:\/\/cecile-ostiz-avocat.com\/index.php\/wp-json\/wp\/v2\/types\/page"}],"author":[{"embeddable":true,"href":"https:\/\/cecile-ostiz-avocat.com\/index.php\/wp-json\/wp\/v2\/users\/1"}],"replies":[{"embeddable":true,"href":"https:\/\/cecile-ostiz-avocat.com\/index.php\/wp-json\/wp\/v2\/comments?post=21"}],"version-history":[{"count":4,"href":"https:\/\/cecile-ostiz-avocat.com\/index.php\/wp-json\/wp\/v2\/pages\/21\/revisions"}],"predecessor-version":[{"id":116,"href":"https:\/\/cecile-ostiz-avocat.com\/index.php\/wp-json\/wp\/v2\/pages\/21\/revisions\/116"}],"wp:attachment":[{"href":"https:\/\/cecile-ostiz-avocat.com\/index.php\/wp-json\/wp\/v2\/media?parent=21"}],"curies":[{"name":"wp","href":"https:\/\/api.w.org\/{rel}","templated":true}]}}