{"id":29,"date":"2022-05-24T22:00:23","date_gmt":"2022-05-24T20:00:23","guid":{"rendered":"http:\/\/cecile-ostiz-avocat.com\/?page_id=29"},"modified":"2022-05-25T20:45:36","modified_gmt":"2022-05-25T18:45:36","slug":"honoraires","status":"publish","type":"page","link":"https:\/\/cecile-ostiz-avocat.com\/index.php\/honoraires\/","title":{"rendered":"Honoraires"},"content":{"rendered":"\n<h2 class=\"wp-block-heading\">Honoraires de votre avocat \u00e0 Ciboure<\/h2>\n\n\n\n<p><strong>Les honoraires d\u2019un avocat<\/strong>\u00a0sont libres, mais encadr\u00e9s. Ils sont fix\u00e9s d\u00e8s le premier\u00a0<a href=\"https:\/\/cecile-ostiz-avocat.com\/index.php\/contact\/\" data-type=\"page\" data-id=\"32\">rendez-vous<\/a>\u00a0en accord avec le client. Plusieurs crit\u00e8res entrent en compte pour en fixer le montant. Les honoraires d\u00e9pendent en effet du dossier, de sa complexit\u00e9, du temps qui lui sera consacr\u00e9, des frais qui seront engag\u00e9s.<\/p>\n\n\n\n<p>Une convention d&rsquo;honoraires au temps pass\u00e9 ou une convention forfaitaire vous sera imm\u00e9diatement soumise.<\/p>\n\n\n<div class=\"wp-block-image\">\n<figure class=\"aligncenter size-full\"><img loading=\"lazy\" decoding=\"async\" width=\"840\" height=\"640\" src=\"https:\/\/cecile-ostiz-avocat.com\/wp-content\/uploads\/2022\/05\/70b053f3-5d27-4366-b16c-2a25584f6339-1600-960w.jpg.webp\" alt=\"\" class=\"wp-image-30\" srcset=\"https:\/\/cecile-ostiz-avocat.com\/wp-content\/uploads\/2022\/05\/70b053f3-5d27-4366-b16c-2a25584f6339-1600-960w.jpg.webp 840w, https:\/\/cecile-ostiz-avocat.com\/wp-content\/uploads\/2022\/05\/70b053f3-5d27-4366-b16c-2a25584f6339-1600-960w.jpg-300x229.webp 300w, https:\/\/cecile-ostiz-avocat.com\/wp-content\/uploads\/2022\/05\/70b053f3-5d27-4366-b16c-2a25584f6339-1600-960w.jpg-768x585.webp 768w\" sizes=\"auto, (max-width: 840px) 100vw, 840px\" \/><\/figure>\n<\/div>\n\n\n<h2 class=\"wp-block-heading\">Honoraires de votre avocat du barreau de Bayonne<\/h2>\n\n\n\n<p>Les crit\u00e8res qui entrent en compte dans la&nbsp;<strong>convention d\u2019honoraire<\/strong>&nbsp;sont le temps estim\u00e9 sur le dossier et le travail de recherches, la nature du dossier et sa difficult\u00e9, l\u2019importance des enjeux. Sont \u00e9galement inclus les charges du cabinet et les frais de fonctionnement. L\u2019exp\u00e9rience et la notori\u00e9t\u00e9 de l\u2019avocat sont \u00e9galement prises en compte, de m\u00eame que les ressources financi\u00e8res du client.<\/p>\n\n\n\n<p>A l\u2019honoraire fix\u00e9 il est possible d\u2019ajouter un&nbsp;<strong>honoraire de r\u00e9sultat<\/strong>, relatif aux gains et avantages re\u00e7us par le client apr\u00e8s la r\u00e9ussite du dossier. Toutefois, l\u2019avocat ne peut fixer ses honoraires exclusivement au pourcentage des r\u00e9sultats obtenus.<\/p>\n\n\n\n<p>Durant l&rsquo;avancement de la proc\u00e9dure, l\u2019avocat demande le&nbsp;<strong>paiement d&rsquo;honoraires<\/strong>&nbsp;pour ses prestations ainsi que des provisions pour couvrir les frais. Dans le cas o\u00f9 une demande de provision n\u2019est pas honor\u00e9e, l\u2019avocat est en droit de suspendre le traitement de l\u2019affaire, voire m\u00eame de s\u2019en retirer.&nbsp;Prise en charge partielle de vos frais d\u2019Honoraires par votre protection juridique&nbsp;&nbsp;Votre assurance protection juridique peut&nbsp;<strong>couvrir en partie des frais d&rsquo;honoraires d&rsquo;avocat<\/strong>. En effet, il existe des&nbsp;<strong>plafonnements pour le remboursement des honoraires<\/strong>&nbsp;qui varient en fonction du type d&rsquo;acte ou de proc\u00e9dure effectu\u00e9e par l&rsquo;<a href=\"https:\/\/www.service-public.fr\/particuliers\/vosdroits\/F3049\">avocat<\/a>.<\/p>\n\n\n\n<h2 class=\"wp-block-heading\">AIDE JURIDICTIONNELLE<\/h2>\n\n\n\n<p>L&rsquo;aide juridictionnelle vous permet de b\u00e9n\u00e9ficier d&rsquo;une prise en charge totale ou partielle par l&rsquo;\u00c9tat des honoraires et frais de justice (avocat, huissier, etc.) si vous avez de faibles ressources. Vous pouvez demander cette aide avant ou apr\u00e8s que l&rsquo;affaire soit engag\u00e9e.<br>La demande se fait par formulaire. Vous devez la d\u00e9poser aupr\u00e8s du\u00a0tribunal charg\u00e9 de l&rsquo;affaire.Vous souhaitez savoir si vous avez droit \u00e0\u00a0<a href=\"https:\/\/www.justice.fr\/aide-juridictionnelle\">l&rsquo;aide juridictionnelle<\/a>\u00a0?Simulateur de calcul d\u2019<a rel=\"noreferrer noopener\" href=\"https:\/\/www.justice.fr\/themes\/aide-juridictionnelle\" target=\"_blank\">aide juridictionnelle<\/a>.Demande d\u2019aide juridictionnelle, Formulaire \u00e0\u00a0<a href=\"https:\/\/www.justice.fr\/formulaire\/demande-aide-juridictionnelle\" target=\"_blank\" rel=\"noreferrer noopener\">t\u00e9l\u00e9charger<\/a>.<\/p>\n","protected":false},"excerpt":{"rendered":"<p>Honoraires de votre avocat \u00e0 Ciboure Les honoraires d\u2019un avocat\u00a0sont libres, mais encadr\u00e9s. Ils sont fix\u00e9s d\u00e8s le premier\u00a0rendez-vous\u00a0en accord avec le client. Plusieurs crit\u00e8res entrent en compte pour en fixer le montant. Les honoraires d\u00e9pendent en effet du dossier, de sa complexit\u00e9, du temps qui lui sera consacr\u00e9, des frais qui seront engag\u00e9s. Une&hellip; <a class=\"more-link\" href=\"https:\/\/cecile-ostiz-avocat.com\/index.php\/honoraires\/\">Poursuivre la lecture <span class=\"screen-reader-text\">Honoraires<\/span><\/a><\/p>\n","protected":false},"author":1,"featured_media":0,"parent":0,"menu_order":0,"comment_status":"closed","ping_status":"closed","template":"","meta":{"footnotes":""},"class_list":["post-29","page","type-page","status-publish","hentry","entry"],"_links":{"self":[{"href":"https:\/\/cecile-ostiz-avocat.com\/index.php\/wp-json\/wp\/v2\/pages\/29","targetHints":{"allow":["GET"]}}],"collection":[{"href":"https:\/\/cecile-ostiz-avocat.com\/index.php\/wp-json\/wp\/v2\/pages"}],"about":[{"href":"https:\/\/cecile-ostiz-avocat.com\/index.php\/wp-json\/wp\/v2\/types\/page"}],"author":[{"embeddable":true,"href":"https:\/\/cecile-ostiz-avocat.com\/index.php\/wp-json\/wp\/v2\/users\/1"}],"replies":[{"embeddable":true,"href":"https:\/\/cecile-ostiz-avocat.com\/index.php\/wp-json\/wp\/v2\/comments?post=29"}],"version-history":[{"count":4,"href":"https:\/\/cecile-ostiz-avocat.com\/index.php\/wp-json\/wp\/v2\/pages\/29\/revisions"}],"predecessor-version":[{"id":114,"href":"https:\/\/cecile-ostiz-avocat.com\/index.php\/wp-json\/wp\/v2\/pages\/29\/revisions\/114"}],"wp:attachment":[{"href":"https:\/\/cecile-ostiz-avocat.com\/index.php\/wp-json\/wp\/v2\/media?parent=29"}],"curies":[{"name":"wp","href":"https:\/\/api.w.org\/{rel}","templated":true}]}}