{"id":34,"date":"2022-05-24T21:58:55","date_gmt":"2022-05-24T19:58:55","guid":{"rendered":"http:\/\/cecile-ostiz-avocat.com\/?page_id=34"},"modified":"2022-05-25T20:33:08","modified_gmt":"2022-05-25T18:33:08","slug":"accueil","status":"publish","type":"page","link":"https:\/\/cecile-ostiz-avocat.com\/","title":{"rendered":"Accueil"},"content":{"rendered":"\n<h2 class=\"wp-block-heading\">Divorce, s\u00e9paration, garde altern\u00e9e dans la r\u00e9gion de Bayonne<\/h2>\n\n\n\n<div class=\"wp-block-group\"><div class=\"wp-block-group__inner-container is-layout-flow wp-block-group-is-layout-flow\">\n<p class=\"has-text-align-center has-green-background-color has-background has-extra-large-font-size\"><strong>MA\u00ceTRE C\u00c9CILE OSTIZ<br><\/strong>Avocat au barreau de Bayonne<br>06 81 32 61 01<\/p>\n\n\n\n<h2 class=\"wp-block-heading\">Avocat \u00e0 Ciboure (Pyr\u00e9n\u00e9es-Atlantiques) :C\u00e9cile Ostiz<\/h2>\n\n\n\n<div class=\"wp-block-group alignwide\"><div class=\"wp-block-group__inner-container is-layout-flow wp-block-group-is-layout-flow\">\n<div class=\"wp-block-columns alignwide are-vertically-aligned-top is-layout-flex wp-container-core-columns-is-layout-9d6595d7 wp-block-columns-is-layout-flex\">\n<div class=\"wp-block-column is-layout-flow wp-block-column-is-layout-flow\" style=\"flex-basis:50%\">\n<figure class=\"wp-block-image is-resized\"><img loading=\"lazy\" decoding=\"async\" src=\"https:\/\/cecile-ostiz-avocat.com\/wp-content\/uploads\/2022\/05\/323e3253-5a5b-4393-9569-2b607199ad9d-1600-960w.jpg-1-682x1024.webp\" alt=\"\" class=\"wp-image-35\" width=\"284\" height=\"424\"\/><\/figure>\n<\/div>\n\n\n\n<div class=\"wp-block-column is-layout-flow wp-block-column-is-layout-flow\" style=\"flex-basis:50%\">\n<p><em>Ma\u00eetre C\u00e9cile Ostiz, avocat \u00e0 Ciboure, inscrit au barreau de Bayonne et \u00e0 la cour d&rsquo;appel de Pau, a pr\u00eat\u00e9 serment le 11 d\u00e9cembre 2008.<\/em>Ma\u00eetre C\u00e9cile Ostiz d\u00e9fend les\u00a0<strong>particuliers<\/strong>\u00a0dans de nombreux domaines :<br>le\u00a0<a href=\"https:\/\/cecile-ostiz-avocat.com\/index.php\/droit-de-la-famille\/\" data-type=\"page\" data-id=\"13\">droit de la famille<\/a>\u00a0pour les affaires de\u00a0<strong>divorce<\/strong>, s\u00e9paration, adoption d&rsquo;enfant,\u00a0<strong>droit des mineurs<\/strong>, assistance \u00e9ducative, etc.<br><\/p>\n<\/div>\n<\/div>\n<\/div><\/div>\n\n\n\n<p>Le\u00a0<a href=\"https:\/\/cecile-ostiz-avocat.com\/index.php\/droit-penal\/\" data-type=\"page\" data-id=\"18\">droit p\u00e9nal<\/a>\u00a0qui comprend la d\u00e9fense des mis en cause, instruction, assistance \u00e0 garde \u00e0 vue, assistance \u00e0 instruction, d\u00e9fense p\u00e9nale, tribunal de police, tribunal correctionnel, cour d&rsquo;assises,\u00a0<strong>droit des personnes d\u00e9tenues<\/strong>, am\u00e9nagements de peine, etc.<br>Ma\u00eetre C\u00e9cile Ostiz assure \u00e9galement la d\u00e9fense devant le\u00a0<a href=\"https:\/\/cecile-ostiz-avocat.com\/index.php\/juge-pour-enfants\/\" data-type=\"page\" data-id=\"21\">juge pour enfants<\/a>\u00a0pour les mineurs d\u00e9linquants ou les mineurs en danger.<br>Elle traite \u00e9galement les demandes de r\u00e9paration des\u00a0<a href=\"https:\/\/cecile-ostiz-avocat.com\/index.php\/dommage-corporels\/\" data-type=\"page\" data-id=\"25\">pr\u00e9judices corporels<\/a>\u00a0pour les victimes d&rsquo;<strong>agression<\/strong>\u00a0ou d&rsquo;<strong>accident<\/strong>.<br>Elle proc\u00e8de \u00e9galement aux actions devant le tribunal d&rsquo;instance pour les affaires de baux d&rsquo;habitation, les actions en paiement ou en expulsion.<\/p>\n\n\n\n<p class=\"has-text-align-center has-large-font-size\"><em>Droit de la famille <\/em><\/p>\n\n\n\n<p class=\"has-text-align-center has-large-font-size\"><em>Droit de l&rsquo;enfance<\/em><\/p>\n\n\n\n<div class=\"wp-block-columns is-style-default is-layout-flex wp-container-core-columns-is-layout-9d6595d7 wp-block-columns-is-layout-flex\">\n<div class=\"wp-block-column is-layout-flow wp-block-column-is-layout-flow\"><\/div>\n\n\n\n<div class=\"wp-block-column is-layout-flow wp-block-column-is-layout-flow\"><\/div>\n<\/div>\n<\/div><\/div>\n\n\n\n<div class=\"wp-block-group\"><div class=\"wp-block-group__inner-container is-layout-flow wp-block-group-is-layout-flow\">\n<div class=\"wp-block-media-text alignwide is-stacked-on-mobile\"><figure class=\"wp-block-media-text__media\"><img loading=\"lazy\" decoding=\"async\" width=\"840\" height=\"640\" src=\"https:\/\/cecile-ostiz-avocat.com\/wp-content\/uploads\/2022\/05\/7547febc-b129-4195-9b4a-9df622d956a6-1600-960w.jpg-1.webp\" alt=\"\" class=\"wp-image-36 size-full\" srcset=\"https:\/\/cecile-ostiz-avocat.com\/wp-content\/uploads\/2022\/05\/7547febc-b129-4195-9b4a-9df622d956a6-1600-960w.jpg-1.webp 840w, https:\/\/cecile-ostiz-avocat.com\/wp-content\/uploads\/2022\/05\/7547febc-b129-4195-9b4a-9df622d956a6-1600-960w.jpg-1-300x229.webp 300w, https:\/\/cecile-ostiz-avocat.com\/wp-content\/uploads\/2022\/05\/7547febc-b129-4195-9b4a-9df622d956a6-1600-960w.jpg-1-768x585.webp 768w\" sizes=\"auto, (max-width: 840px) 100vw, 840px\" \/><\/figure><div class=\"wp-block-media-text__content\">\n<p><strong>Ma\u00eetre C\u00e9cile Ostiz, avocat \u00e0 Ciboure<\/strong>, vous guide dans les domaines qui rel\u00e8vent du\u00a0<a href=\"https:\/\/cecile-ostiz-avocat.com\/index.php\/droit-de-la-famille\/\" data-type=\"page\" data-id=\"13\">droit de la famille<\/a>.<\/p>\n<\/div><\/div>\n<\/div><\/div>\n\n\n\n<p>Elle vous conseille notamment sur le divorce en vous aidant \u00e0 d\u00e9terminer la proc\u00e9dure qui convient le mieux \u00e0 votre situation. Elle intervient \u00e9galement sur la garde des enfants, le droit de visite des grands-parents, la liquidation des biens.<\/p>\n\n\n\n<p>Tr\u00e8s impliqu\u00e9e dans le domaine de la\u00a0<strong>protection de l&rsquo;enfance<\/strong>, Ma\u00eetre C\u00e9cile Ostiz, avocat au barreau de Bayonne, intervient face au\u00a0<a href=\"https:\/\/cecile-ostiz-avocat.com\/index.php\/juge-pour-enfants\/\" data-type=\"page\" data-id=\"21\">juge des mineurs<\/a>\u00a0pour toute affaire relative \u00e0 la d\u00e9linquance juv\u00e9nile, mais aussi l&rsquo;<strong>assistance \u00e9ducative<\/strong>pour les familles en difficult\u00e9.<\/p>\n\n\n\n<h2 class=\"wp-block-heading\">Droit civil, droit p\u00e9nal, pr\u00e9judice corporel, un avocat \u00e0 votre \u00e9coute<\/h2>\n\n\n\n<p><em>Pr\u00e9judices corporels<\/em>Ma\u00eetre C\u00e9cile Ostiz, avocat inscrit au barreau de Bayonne, intervient dans tout ce qui rel\u00e8ve du\u00a0<a href=\"https:\/\/cecile-ostiz-avocat.com\/index.php\/dommage-corporels\/\" data-type=\"page\" data-id=\"25\">droit civil<\/a>\u00a0: contentieux entre personnes, droit de la propri\u00e9t\u00e9,\u00a0<a href=\"https:\/\/www.cecile-ostiz-avocat.fr\/droit-famille\">droit de la famille<\/a>.<\/p>\n\n\n\n<p>Elle intervient \u00e9galement dans le domaine du&nbsp;<a href=\"https:\/\/www.cecile-ostiz-avocat.fr\/droit-penal\">droit p\u00e9nal<\/a>&nbsp;devant le&nbsp;<strong>tribunal correctionnel<\/strong>&nbsp;ou le&nbsp;<strong>tribunal de police<\/strong>, lorsque vous y \u00eates convoqu\u00e9(e) pour un d\u00e9lit de tout ordre ou en amont lorsque vous \u00eates plac\u00e9(e) en&nbsp;<strong>garde \u00e0 vue<\/strong>&nbsp;ou mis(e) en examen.<\/p>\n\n\n\n<p>Ma\u00eetre C\u00e9cile Ostiz est \u00e9galement \u00e0 vos cot\u00e9s dans votre parcours de\u00a0<a href=\"https:\/\/cecile-ostiz-avocat.com\/index.php\/dommage-corporels\/\" data-type=\"page\" data-id=\"25\">r\u00e9paration des dommages corporels<\/a>. Toute atteinte \u00e0 votre\u00a0<strong>int\u00e9grit\u00e9 physique<\/strong>\u00a0r\u00e9clame une\u00a0<strong>indemnit\u00e9<\/strong>\u00a0\u00e0 la mesure du pr\u00e9judice, physique mais aussi moral.<\/p>\n","protected":false},"excerpt":{"rendered":"<p>Divorce, s\u00e9paration, garde altern\u00e9e dans la r\u00e9gion de Bayonne MA\u00ceTRE C\u00c9CILE OSTIZAvocat au barreau de Bayonne06 81 32 61 01 Avocat \u00e0 Ciboure (Pyr\u00e9n\u00e9es-Atlantiques) :C\u00e9cile Ostiz Ma\u00eetre C\u00e9cile Ostiz, avocat \u00e0 Ciboure, inscrit au barreau de Bayonne et \u00e0 la cour d&rsquo;appel de Pau, a pr\u00eat\u00e9 serment le 11 d\u00e9cembre 2008.Ma\u00eetre C\u00e9cile Ostiz d\u00e9fend les\u00a0particuliers\u00a0dans&hellip; <a class=\"more-link\" href=\"https:\/\/cecile-ostiz-avocat.com\/\">Poursuivre la lecture <span class=\"screen-reader-text\">Accueil<\/span><\/a><\/p>\n","protected":false},"author":1,"featured_media":0,"parent":0,"menu_order":0,"comment_status":"closed","ping_status":"closed","template":"","meta":{"footnotes":""},"class_list":["post-34","page","type-page","status-publish","hentry","entry"],"_links":{"self":[{"href":"https:\/\/cecile-ostiz-avocat.com\/index.php\/wp-json\/wp\/v2\/pages\/34","targetHints":{"allow":["GET"]}}],"collection":[{"href":"https:\/\/cecile-ostiz-avocat.com\/index.php\/wp-json\/wp\/v2\/pages"}],"about":[{"href":"https:\/\/cecile-ostiz-avocat.com\/index.php\/wp-json\/wp\/v2\/types\/page"}],"author":[{"embeddable":true,"href":"https:\/\/cecile-ostiz-avocat.com\/index.php\/wp-json\/wp\/v2\/users\/1"}],"replies":[{"embeddable":true,"href":"https:\/\/cecile-ostiz-avocat.com\/index.php\/wp-json\/wp\/v2\/comments?post=34"}],"version-history":[{"count":5,"href":"https:\/\/cecile-ostiz-avocat.com\/index.php\/wp-json\/wp\/v2\/pages\/34\/revisions"}],"predecessor-version":[{"id":106,"href":"https:\/\/cecile-ostiz-avocat.com\/index.php\/wp-json\/wp\/v2\/pages\/34\/revisions\/106"}],"wp:attachment":[{"href":"https:\/\/cecile-ostiz-avocat.com\/index.php\/wp-json\/wp\/v2\/media?parent=34"}],"curies":[{"name":"wp","href":"https:\/\/api.w.org\/{rel}","templated":true}]}}